{"id":990495,"date":"2024-07-04T16:33:37","date_gmt":"2024-07-04T14:33:37","guid":{"rendered":"https:\/\/www.pavimentus.com\/privacy-policy\/"},"modified":"2025-01-28T12:34:37","modified_gmt":"2025-01-28T11:34:37","slug":"privacy-policy","status":"publish","type":"page","link":"https:\/\/www.pavimentus.com\/en\/privacy-policy\/","title":{"rendered":"Privacy Policy"},"content":{"rendered":"\t\t<div data-elementor-type=\"wp-page\" data-elementor-id=\"990495\" class=\"elementor elementor-990495 elementor-987997\" data-elementor-post-type=\"page\">\n\t\t\t\t\t\t<section class=\"elementor-section elementor-top-section elementor-element elementor-element-235c714 elementor-section-height-min-height elementor-section-items-stretch elementor-section-full_width elementor-section-height-default\" data-id=\"235c714\" data-element_type=\"section\" data-e-type=\"section\" data-settings=\"{&quot;background_motion_fx_scale_effect&quot;:&quot;yes&quot;,&quot;background_motion_fx_scale_speed&quot;:{&quot;unit&quot;:&quot;px&quot;,&quot;size&quot;:2,&quot;sizes&quot;:[]},&quot;background_motion_fx_scale_range&quot;:{&quot;unit&quot;:&quot;%&quot;,&quot;size&quot;:&quot;&quot;,&quot;sizes&quot;:{&quot;start&quot;:31,&quot;end&quot;:100}},&quot;background_motion_fx_devices&quot;:[&quot;desktop&quot;],&quot;background_motion_fx_scale_direction&quot;:&quot;out-in&quot;}\">\n\t\t\t\t\t\t<div class=\"elementor-container elementor-column-gap-no\">\n\t\t\t\t\t<div class=\"elementor-column elementor-col-100 elementor-top-column elementor-element elementor-element-e0c0221\" data-id=\"e0c0221\" data-element_type=\"column\" data-e-type=\"column\" data-settings=\"{&quot;background_motion_fx_devices&quot;:[&quot;desktop&quot;]}\">\n\t\t\t<div class=\"elementor-widget-wrap elementor-element-populated\">\n\t\t\t\t\t\t<section class=\"elementor-section elementor-inner-section elementor-element elementor-element-3602ffe elementor-section-boxed elementor-section-height-default elementor-section-height-default\" data-id=\"3602ffe\" data-element_type=\"section\" data-e-type=\"section\" data-settings=\"{&quot;background_background&quot;:&quot;gradient&quot;}\">\n\t\t\t\t\t\t<div class=\"elementor-container elementor-column-gap-no\">\n\t\t\t\t\t<div class=\"elementor-column elementor-col-100 elementor-inner-column elementor-element elementor-element-e069b26\" data-id=\"e069b26\" data-element_type=\"column\" data-e-type=\"column\">\n\t\t\t<div class=\"elementor-widget-wrap elementor-element-populated\">\n\t\t\t\t\t\t<div class=\"elementor-element elementor-element-151ffb8 e-transform elementor-absolute elementor-hidden-mobile elementor-widget-divider--view-line elementor-widget elementor-widget-divider\" data-id=\"151ffb8\" data-element_type=\"widget\" data-e-type=\"widget\" data-settings=\"{&quot;_transform_rotateZ_effect&quot;:{&quot;unit&quot;:&quot;px&quot;,&quot;size&quot;:90,&quot;sizes&quot;:[]},&quot;_position&quot;:&quot;absolute&quot;,&quot;_transform_rotateZ_effect_tablet&quot;:{&quot;unit&quot;:&quot;deg&quot;,&quot;size&quot;:&quot;&quot;,&quot;sizes&quot;:[]},&quot;_transform_rotateZ_effect_mobile&quot;:{&quot;unit&quot;:&quot;deg&quot;,&quot;size&quot;:&quot;&quot;,&quot;sizes&quot;:[]}}\" data-widget_type=\"divider.default\">\n\t\t\t\t<div class=\"elementor-widget-container\">\n\t\t\t\t\t\t\t<div class=\"elementor-divider\">\n\t\t\t<span class=\"elementor-divider-separator\">\n\t\t\t\t\t\t<\/span>\n\t\t<\/div>\n\t\t\t\t\t\t<\/div>\n\t\t\t\t<\/div>\n\t\t\t\t<div class=\"elementor-element elementor-element-a1bc80a e-transform elementor-absolute elementor-hidden-mobile elementor-widget-divider--view-line elementor-widget elementor-widget-divider\" data-id=\"a1bc80a\" data-element_type=\"widget\" data-e-type=\"widget\" data-settings=\"{&quot;_transform_rotateZ_effect&quot;:{&quot;unit&quot;:&quot;px&quot;,&quot;size&quot;:90,&quot;sizes&quot;:[]},&quot;_position&quot;:&quot;absolute&quot;,&quot;_transform_rotateZ_effect_tablet&quot;:{&quot;unit&quot;:&quot;deg&quot;,&quot;size&quot;:&quot;&quot;,&quot;sizes&quot;:[]},&quot;_transform_rotateZ_effect_mobile&quot;:{&quot;unit&quot;:&quot;deg&quot;,&quot;size&quot;:&quot;&quot;,&quot;sizes&quot;:[]}}\" data-widget_type=\"divider.default\">\n\t\t\t\t<div class=\"elementor-widget-container\">\n\t\t\t\t\t\t\t<div class=\"elementor-divider\">\n\t\t\t<span class=\"elementor-divider-separator\">\n\t\t\t\t\t\t<\/span>\n\t\t<\/div>\n\t\t\t\t\t\t<\/div>\n\t\t\t\t<\/div>\n\t\t\t\t<div class=\"elementor-element elementor-element-bdaeca1 elementor-widget elementor-widget-spacer\" data-id=\"bdaeca1\" data-element_type=\"widget\" data-e-type=\"widget\" data-widget_type=\"spacer.default\">\n\t\t\t\t<div class=\"elementor-widget-container\">\n\t\t\t\t\t\t\t<div class=\"elementor-spacer\">\n\t\t\t<div class=\"elementor-spacer-inner\"><\/div>\n\t\t<\/div>\n\t\t\t\t\t\t<\/div>\n\t\t\t\t<\/div>\n\t\t\t\t<div class=\"elementor-element elementor-element-174fe21 elementor-widget__width-initial elementor-invisible elementor-widget elementor-widget-heading\" data-id=\"174fe21\" data-element_type=\"widget\" data-e-type=\"widget\" data-settings=\"{&quot;_animation&quot;:&quot;fadeIn&quot;,&quot;_animation_tablet&quot;:&quot;none&quot;,&quot;_animation_delay&quot;:300}\" data-widget_type=\"heading.default\">\n\t\t\t\t<div class=\"elementor-widget-container\">\n\t\t\t\t\t<h1 class=\"elementor-heading-title elementor-size-default\">Privacy Policy<\/h1>\t\t\t\t<\/div>\n\t\t\t\t<\/div>\n\t\t\t\t<div class=\"elementor-element elementor-element-ed25108 elementor-hidden-mobile elementor-widget elementor-widget-spacer\" data-id=\"ed25108\" data-element_type=\"widget\" data-e-type=\"widget\" data-widget_type=\"spacer.default\">\n\t\t\t\t<div class=\"elementor-widget-container\">\n\t\t\t\t\t\t\t<div class=\"elementor-spacer\">\n\t\t\t<div class=\"elementor-spacer-inner\"><\/div>\n\t\t<\/div>\n\t\t\t\t\t\t<\/div>\n\t\t\t\t<\/div>\n\t\t\t\t\t<\/div>\n\t\t<\/div>\n\t\t\t\t\t<\/div>\n\t\t<\/section>\n\t\t\t\t\t<\/div>\n\t\t<\/div>\n\t\t\t\t\t<\/div>\n\t\t<\/section>\n\t\t\t\t<section class=\"elementor-section elementor-top-section elementor-element elementor-element-96e86db elementor-section-boxed elementor-section-height-default elementor-section-height-default\" data-id=\"96e86db\" data-element_type=\"section\" data-e-type=\"section\">\n\t\t\t\t\t\t<div class=\"elementor-container elementor-column-gap-no\">\n\t\t\t\t\t<div class=\"elementor-column elementor-col-100 elementor-top-column elementor-element elementor-element-00657ac\" data-id=\"00657ac\" data-element_type=\"column\" data-e-type=\"column\">\n\t\t\t<div class=\"elementor-widget-wrap\">\n\t\t\t\t\t\t\t<\/div>\n\t\t<\/div>\n\t\t\t\t\t<\/div>\n\t\t<\/section>\n\t\t<div class=\"elementor-element elementor-element-2dda4e4 e-flex e-con-boxed e-con e-parent\" data-id=\"2dda4e4\" data-element_type=\"container\" data-e-type=\"container\">\n\t\t\t\t\t<div class=\"e-con-inner\">\n\t\t\t\t<div class=\"vamtam-has-theme-widget-styles elementor-element elementor-element-94c43e8 elementor-widget elementor-widget-text-editor\" data-id=\"94c43e8\" data-element_type=\"widget\" data-e-type=\"widget\" data-widget_type=\"text-editor.default\">\n\t\t\t\t<div class=\"elementor-widget-container\">\n\t\t\t\t\t\t\t\t\t<p>The personal data included in this form will be subject to automated processing in accordance with the provisions of Regulation (EU) 2016\/679 of the European Parliament and of the Council of 27 April 2016 on the protection of natural persons with regard to the processing of personal data and on the free movement of such data, and following the Recommendations and Instructions issued by the Spanish Data Protection Agency (A.E.P.D.).<\/p>\n<p>The content of the treatment will consist of its integration into a database based on your request, in order to be able to contact the interested party to, where appropriate, provide the requested information or to send information that VERTADEC S.L. considers to be of interest to you. The recipient of your personal data will be exclusively VERTADEC S.L., which may process it either by its own means or by sending it to another independent subcontracted Company. The sender may exercise at any time the rights of access, rectification, cancellation and opposition with respect to the data sent. The identity and address of the person responsible for the treatment is VERTADEC S.L. with address at Carrer Pica d&#8217;Estats, 18, 08272 Sant Fruit\u00f3s de Bages (Barcelona) and email comercial@pavimentus.com   <\/p>\n<p>In compliance with the duty of information provided for in article 10 of the current Law 34\/2002, of July 11, on Information Society Services and Electronic Commerce (LSSI), we inform you that the promoter and content manager of the website is VERTADEC S.L., owner of this domain. The domain is registered in the corresponding registry, based on communications from users and\/or interested parties to the enabled section of the Web portal. <\/p>\n\t\t\t\t\t\t\t\t<\/div>\n\t\t\t\t<\/div>\n\t\t\t\t\t<\/div>\n\t\t\t\t<\/div>\n\t\t\t\t<\/div>\n\t\t","protected":false},"excerpt":{"rendered":"<p>The personal data included in this form will be subject to automated processing in accordance with the provisions of Regulation (EU) 2016\/679 of the European Parliament and of the Council of 27 April 2016 on the protection of natural persons with regard to the processing of personal data and on the free movement of such&#8230;<\/p>\n","protected":false},"author":2,"featured_media":0,"parent":0,"menu_order":0,"comment_status":"closed","ping_status":"closed","template":"elementor_header_footer","meta":{"_joinchat":[],"footnotes":""},"class_list":["post-990495","page","type-page","status-publish","hentry"],"yoast_head":"<!-- This site is optimized with the Yoast SEO plugin v27.0 - https:\/\/yoast.com\/product\/yoast-seo-wordpress\/ -->\n<title>Privacy Policy | Pavimentus<\/title>\n<meta name=\"description\" content=\"Privacy policy page of the Pavimentus website.\" \/>\n<meta name=\"robots\" content=\"index, follow, max-snippet:-1, max-image-preview:large, max-video-preview:-1\" \/>\n<link rel=\"canonical\" href=\"https:\/\/www.pavimentus.com\/en\/privacy-policy\/\" \/>\n<meta property=\"og:locale\" content=\"en_US\" \/>\n<meta property=\"og:type\" content=\"article\" \/>\n<meta property=\"og:title\" content=\"Privacy Policy | Pavimentus\" \/>\n<meta property=\"og:description\" content=\"Privacy policy page of the Pavimentus website.\" \/>\n<meta property=\"og:url\" content=\"https:\/\/www.pavimentus.com\/en\/privacy-policy\/\" \/>\n<meta property=\"og:site_name\" content=\"Pavimentus \u00b7 Tarima Tecnol\u00f3gica Sint\u00e9tica, Vallas y Medianeras y Revestimiento\" \/>\n<meta property=\"article:publisher\" content=\"https:\/\/www.facebook.com\/pavimentus\/\" \/>\n<meta property=\"article:modified_time\" content=\"2025-01-28T11:34:37+00:00\" \/>\n<meta name=\"twitter:card\" content=\"summary_large_image\" \/>\n<meta name=\"twitter:label1\" content=\"Est. reading time\" \/>\n\t<meta name=\"twitter:data1\" content=\"2 minutes\" \/>\n<script type=\"application\/ld+json\" class=\"yoast-schema-graph\">{\"@context\":\"https:\/\/schema.org\",\"@graph\":[{\"@type\":\"WebPage\",\"@id\":\"https:\/\/www.pavimentus.com\/en\/privacy-policy\/\",\"url\":\"https:\/\/www.pavimentus.com\/en\/privacy-policy\/\",\"name\":\"Privacy Policy | Pavimentus\",\"isPartOf\":{\"@id\":\"https:\/\/www.pavimentus.com\/en\/#website\"},\"datePublished\":\"2024-07-04T14:33:37+00:00\",\"dateModified\":\"2025-01-28T11:34:37+00:00\",\"description\":\"Privacy policy page of the Pavimentus website.\",\"breadcrumb\":{\"@id\":\"https:\/\/www.pavimentus.com\/en\/privacy-policy\/#breadcrumb\"},\"inLanguage\":\"en-US\",\"potentialAction\":[{\"@type\":\"ReadAction\",\"target\":[\"https:\/\/www.pavimentus.com\/en\/privacy-policy\/\"]}]},{\"@type\":\"BreadcrumbList\",\"@id\":\"https:\/\/www.pavimentus.com\/en\/privacy-policy\/#breadcrumb\",\"itemListElement\":[{\"@type\":\"ListItem\",\"position\":1,\"name\":\"Portada\",\"item\":\"https:\/\/www.pavimentus.com\/en\/\"},{\"@type\":\"ListItem\",\"position\":2,\"name\":\"Privacy Policy\"}]},{\"@type\":\"WebSite\",\"@id\":\"https:\/\/www.pavimentus.com\/en\/#website\",\"url\":\"https:\/\/www.pavimentus.com\/en\/\",\"name\":\"Pavimentus \u00b7 Tarima Tecnol\u00f3gica Sint\u00e9tica, Vallas y Medianeras y Revestimiento\",\"description\":\"Tarimas, fachadas y vallas de madera sint\u00e9tica o tecnol\u00f3gica de bajo mantenimiento. Para m\u00e1s informaci\u00f3n: 93 135 10 05\",\"publisher\":{\"@id\":\"https:\/\/www.pavimentus.com\/en\/#organization\"},\"potentialAction\":[{\"@type\":\"SearchAction\",\"target\":{\"@type\":\"EntryPoint\",\"urlTemplate\":\"https:\/\/www.pavimentus.com\/en\/?s={search_term_string}\"},\"query-input\":{\"@type\":\"PropertyValueSpecification\",\"valueRequired\":true,\"valueName\":\"search_term_string\"}}],\"inLanguage\":\"en-US\"},{\"@type\":\"Organization\",\"@id\":\"https:\/\/www.pavimentus.com\/en\/#organization\",\"name\":\"Pavimentus \u00b7 Tarima Tecnol\u00f3gica Sint\u00e9tica, Vallas y Medianeras y Revestimiento\",\"url\":\"https:\/\/www.pavimentus.com\/en\/\",\"logo\":{\"@type\":\"ImageObject\",\"inLanguage\":\"en-US\",\"@id\":\"https:\/\/www.pavimentus.com\/en\/#\/schema\/logo\/image\/\",\"url\":\"https:\/\/www.pavimentus.com\/wp-content\/uploads\/2024\/08\/cropped-LOGO_PAVIMENTUS_01.png\",\"contentUrl\":\"https:\/\/www.pavimentus.com\/wp-content\/uploads\/2024\/08\/cropped-LOGO_PAVIMENTUS_01.png\",\"width\":3635,\"height\":426,\"caption\":\"Pavimentus \u00b7 Tarima Tecnol\u00f3gica Sint\u00e9tica, Vallas y Medianeras y Revestimiento\"},\"image\":{\"@id\":\"https:\/\/www.pavimentus.com\/en\/#\/schema\/logo\/image\/\"},\"sameAs\":[\"https:\/\/www.facebook.com\/pavimentus\/\"]}]}<\/script>\n<!-- \/ Yoast SEO plugin. -->","yoast_head_json":{"title":"Privacy Policy | Pavimentus","description":"Privacy policy page of the Pavimentus website.","robots":{"index":"index","follow":"follow","max-snippet":"max-snippet:-1","max-image-preview":"max-image-preview:large","max-video-preview":"max-video-preview:-1"},"canonical":"https:\/\/www.pavimentus.com\/en\/privacy-policy\/","og_locale":"en_US","og_type":"article","og_title":"Privacy Policy | Pavimentus","og_description":"Privacy policy page of the Pavimentus website.","og_url":"https:\/\/www.pavimentus.com\/en\/privacy-policy\/","og_site_name":"Pavimentus \u00b7 Tarima Tecnol\u00f3gica Sint\u00e9tica, Vallas y Medianeras y Revestimiento","article_publisher":"https:\/\/www.facebook.com\/pavimentus\/","article_modified_time":"2025-01-28T11:34:37+00:00","twitter_card":"summary_large_image","twitter_misc":{"Est. reading time":"2 minutes"},"schema":{"@context":"https:\/\/schema.org","@graph":[{"@type":"WebPage","@id":"https:\/\/www.pavimentus.com\/en\/privacy-policy\/","url":"https:\/\/www.pavimentus.com\/en\/privacy-policy\/","name":"Privacy Policy | Pavimentus","isPartOf":{"@id":"https:\/\/www.pavimentus.com\/en\/#website"},"datePublished":"2024-07-04T14:33:37+00:00","dateModified":"2025-01-28T11:34:37+00:00","description":"Privacy policy page of the Pavimentus website.","breadcrumb":{"@id":"https:\/\/www.pavimentus.com\/en\/privacy-policy\/#breadcrumb"},"inLanguage":"en-US","potentialAction":[{"@type":"ReadAction","target":["https:\/\/www.pavimentus.com\/en\/privacy-policy\/"]}]},{"@type":"BreadcrumbList","@id":"https:\/\/www.pavimentus.com\/en\/privacy-policy\/#breadcrumb","itemListElement":[{"@type":"ListItem","position":1,"name":"Portada","item":"https:\/\/www.pavimentus.com\/en\/"},{"@type":"ListItem","position":2,"name":"Privacy Policy"}]},{"@type":"WebSite","@id":"https:\/\/www.pavimentus.com\/en\/#website","url":"https:\/\/www.pavimentus.com\/en\/","name":"Pavimentus \u00b7 Tarima Tecnol\u00f3gica Sint\u00e9tica, Vallas y Medianeras y Revestimiento","description":"Tarimas, fachadas y vallas de madera sint\u00e9tica o tecnol\u00f3gica de bajo mantenimiento. Para m\u00e1s informaci\u00f3n: 93 135 10 05","publisher":{"@id":"https:\/\/www.pavimentus.com\/en\/#organization"},"potentialAction":[{"@type":"SearchAction","target":{"@type":"EntryPoint","urlTemplate":"https:\/\/www.pavimentus.com\/en\/?s={search_term_string}"},"query-input":{"@type":"PropertyValueSpecification","valueRequired":true,"valueName":"search_term_string"}}],"inLanguage":"en-US"},{"@type":"Organization","@id":"https:\/\/www.pavimentus.com\/en\/#organization","name":"Pavimentus \u00b7 Tarima Tecnol\u00f3gica Sint\u00e9tica, Vallas y Medianeras y Revestimiento","url":"https:\/\/www.pavimentus.com\/en\/","logo":{"@type":"ImageObject","inLanguage":"en-US","@id":"https:\/\/www.pavimentus.com\/en\/#\/schema\/logo\/image\/","url":"https:\/\/www.pavimentus.com\/wp-content\/uploads\/2024\/08\/cropped-LOGO_PAVIMENTUS_01.png","contentUrl":"https:\/\/www.pavimentus.com\/wp-content\/uploads\/2024\/08\/cropped-LOGO_PAVIMENTUS_01.png","width":3635,"height":426,"caption":"Pavimentus \u00b7 Tarima Tecnol\u00f3gica Sint\u00e9tica, Vallas y Medianeras y Revestimiento"},"image":{"@id":"https:\/\/www.pavimentus.com\/en\/#\/schema\/logo\/image\/"},"sameAs":["https:\/\/www.facebook.com\/pavimentus\/"]}]}},"_links":{"self":[{"href":"https:\/\/www.pavimentus.com\/en\/wp-json\/wp\/v2\/pages\/990495","targetHints":{"allow":["GET"]}}],"collection":[{"href":"https:\/\/www.pavimentus.com\/en\/wp-json\/wp\/v2\/pages"}],"about":[{"href":"https:\/\/www.pavimentus.com\/en\/wp-json\/wp\/v2\/types\/page"}],"author":[{"embeddable":true,"href":"https:\/\/www.pavimentus.com\/en\/wp-json\/wp\/v2\/users\/2"}],"replies":[{"embeddable":true,"href":"https:\/\/www.pavimentus.com\/en\/wp-json\/wp\/v2\/comments?post=990495"}],"version-history":[{"count":0,"href":"https:\/\/www.pavimentus.com\/en\/wp-json\/wp\/v2\/pages\/990495\/revisions"}],"wp:attachment":[{"href":"https:\/\/www.pavimentus.com\/en\/wp-json\/wp\/v2\/media?parent=990495"}],"curies":[{"name":"wp","href":"https:\/\/api.w.org\/{rel}","templated":true}]}}