{"id":990384,"date":"2024-07-04T16:34:58","date_gmt":"2024-07-04T14:34:58","guid":{"rendered":"https:\/\/www.pavimentus.com\/politica-de-cookies\/"},"modified":"2025-01-28T11:06:26","modified_gmt":"2025-01-28T10:06:26","slug":"politica-de-cookies","status":"publish","type":"page","link":"https:\/\/www.pavimentus.com\/ca\/politica-de-cookies\/","title":{"rendered":"Pol\u00edtica de Cookies"},"content":{"rendered":"\t\t<div data-elementor-type=\"wp-page\" data-elementor-id=\"990384\" class=\"elementor elementor-990384 elementor-988049\" data-elementor-post-type=\"page\">\n\t\t\t\t\t\t<section class=\"elementor-section elementor-top-section elementor-element elementor-element-235c714 elementor-section-height-min-height elementor-section-items-stretch elementor-section-full_width elementor-section-height-default\" data-id=\"235c714\" data-element_type=\"section\" data-e-type=\"section\" data-settings=\"{&quot;background_motion_fx_scale_effect&quot;:&quot;yes&quot;,&quot;background_motion_fx_scale_speed&quot;:{&quot;unit&quot;:&quot;px&quot;,&quot;size&quot;:2,&quot;sizes&quot;:[]},&quot;background_motion_fx_scale_range&quot;:{&quot;unit&quot;:&quot;%&quot;,&quot;size&quot;:&quot;&quot;,&quot;sizes&quot;:{&quot;start&quot;:31,&quot;end&quot;:100}},&quot;background_motion_fx_devices&quot;:[&quot;desktop&quot;],&quot;background_motion_fx_scale_direction&quot;:&quot;out-in&quot;}\">\n\t\t\t\t\t\t<div class=\"elementor-container elementor-column-gap-no\">\n\t\t\t\t\t<div class=\"elementor-column elementor-col-100 elementor-top-column elementor-element elementor-element-e0c0221\" data-id=\"e0c0221\" data-element_type=\"column\" data-e-type=\"column\" data-settings=\"{&quot;background_motion_fx_devices&quot;:[&quot;desktop&quot;]}\">\n\t\t\t<div class=\"elementor-widget-wrap elementor-element-populated\">\n\t\t\t\t\t\t<section class=\"elementor-section elementor-inner-section elementor-element elementor-element-3602ffe elementor-section-boxed elementor-section-height-default elementor-section-height-default\" data-id=\"3602ffe\" data-element_type=\"section\" data-e-type=\"section\" data-settings=\"{&quot;background_background&quot;:&quot;gradient&quot;}\">\n\t\t\t\t\t\t<div class=\"elementor-container elementor-column-gap-no\">\n\t\t\t\t\t<div class=\"elementor-column elementor-col-100 elementor-inner-column elementor-element elementor-element-e069b26\" data-id=\"e069b26\" data-element_type=\"column\" data-e-type=\"column\">\n\t\t\t<div class=\"elementor-widget-wrap elementor-element-populated\">\n\t\t\t\t\t\t<div class=\"elementor-element elementor-element-151ffb8 e-transform elementor-absolute elementor-hidden-mobile elementor-widget-divider--view-line elementor-widget elementor-widget-divider\" data-id=\"151ffb8\" data-element_type=\"widget\" data-e-type=\"widget\" data-settings=\"{&quot;_transform_rotateZ_effect&quot;:{&quot;unit&quot;:&quot;px&quot;,&quot;size&quot;:90,&quot;sizes&quot;:[]},&quot;_position&quot;:&quot;absolute&quot;,&quot;_transform_rotateZ_effect_tablet&quot;:{&quot;unit&quot;:&quot;deg&quot;,&quot;size&quot;:&quot;&quot;,&quot;sizes&quot;:[]},&quot;_transform_rotateZ_effect_mobile&quot;:{&quot;unit&quot;:&quot;deg&quot;,&quot;size&quot;:&quot;&quot;,&quot;sizes&quot;:[]}}\" data-widget_type=\"divider.default\">\n\t\t\t\t<div class=\"elementor-widget-container\">\n\t\t\t\t\t\t\t<div class=\"elementor-divider\">\n\t\t\t<span class=\"elementor-divider-separator\">\n\t\t\t\t\t\t<\/span>\n\t\t<\/div>\n\t\t\t\t\t\t<\/div>\n\t\t\t\t<\/div>\n\t\t\t\t<div class=\"elementor-element elementor-element-a1bc80a e-transform elementor-absolute elementor-hidden-mobile elementor-widget-divider--view-line elementor-widget elementor-widget-divider\" data-id=\"a1bc80a\" data-element_type=\"widget\" data-e-type=\"widget\" data-settings=\"{&quot;_transform_rotateZ_effect&quot;:{&quot;unit&quot;:&quot;px&quot;,&quot;size&quot;:90,&quot;sizes&quot;:[]},&quot;_position&quot;:&quot;absolute&quot;,&quot;_transform_rotateZ_effect_tablet&quot;:{&quot;unit&quot;:&quot;deg&quot;,&quot;size&quot;:&quot;&quot;,&quot;sizes&quot;:[]},&quot;_transform_rotateZ_effect_mobile&quot;:{&quot;unit&quot;:&quot;deg&quot;,&quot;size&quot;:&quot;&quot;,&quot;sizes&quot;:[]}}\" data-widget_type=\"divider.default\">\n\t\t\t\t<div class=\"elementor-widget-container\">\n\t\t\t\t\t\t\t<div class=\"elementor-divider\">\n\t\t\t<span class=\"elementor-divider-separator\">\n\t\t\t\t\t\t<\/span>\n\t\t<\/div>\n\t\t\t\t\t\t<\/div>\n\t\t\t\t<\/div>\n\t\t\t\t<div class=\"elementor-element elementor-element-bdaeca1 elementor-widget elementor-widget-spacer\" data-id=\"bdaeca1\" data-element_type=\"widget\" data-e-type=\"widget\" data-widget_type=\"spacer.default\">\n\t\t\t\t<div class=\"elementor-widget-container\">\n\t\t\t\t\t\t\t<div class=\"elementor-spacer\">\n\t\t\t<div class=\"elementor-spacer-inner\"><\/div>\n\t\t<\/div>\n\t\t\t\t\t\t<\/div>\n\t\t\t\t<\/div>\n\t\t\t\t<div class=\"elementor-element elementor-element-174fe21 elementor-widget__width-initial elementor-invisible elementor-widget elementor-widget-heading\" data-id=\"174fe21\" data-element_type=\"widget\" data-e-type=\"widget\" data-settings=\"{&quot;_animation&quot;:&quot;fadeIn&quot;,&quot;_animation_tablet&quot;:&quot;none&quot;,&quot;_animation_delay&quot;:300}\" data-widget_type=\"heading.default\">\n\t\t\t\t<div class=\"elementor-widget-container\">\n\t\t\t\t\t<h1 class=\"elementor-heading-title elementor-size-default\">Pol\u00edtica de Cookies<\/h1>\t\t\t\t<\/div>\n\t\t\t\t<\/div>\n\t\t\t\t<div class=\"elementor-element elementor-element-ed25108 elementor-hidden-mobile elementor-widget elementor-widget-spacer\" data-id=\"ed25108\" data-element_type=\"widget\" data-e-type=\"widget\" data-widget_type=\"spacer.default\">\n\t\t\t\t<div class=\"elementor-widget-container\">\n\t\t\t\t\t\t\t<div class=\"elementor-spacer\">\n\t\t\t<div class=\"elementor-spacer-inner\"><\/div>\n\t\t<\/div>\n\t\t\t\t\t\t<\/div>\n\t\t\t\t<\/div>\n\t\t\t\t\t<\/div>\n\t\t<\/div>\n\t\t\t\t\t<\/div>\n\t\t<\/section>\n\t\t\t\t\t<\/div>\n\t\t<\/div>\n\t\t\t\t\t<\/div>\n\t\t<\/section>\n\t\t\t\t<section class=\"elementor-section elementor-top-section elementor-element elementor-element-96e86db elementor-section-boxed elementor-section-height-default elementor-section-height-default\" data-id=\"96e86db\" data-element_type=\"section\" data-e-type=\"section\">\n\t\t\t\t\t\t<div class=\"elementor-container elementor-column-gap-no\">\n\t\t\t\t\t<div class=\"elementor-column elementor-col-100 elementor-top-column elementor-element elementor-element-00657ac\" data-id=\"00657ac\" data-element_type=\"column\" data-e-type=\"column\">\n\t\t\t<div class=\"elementor-widget-wrap\">\n\t\t\t\t\t\t\t<\/div>\n\t\t<\/div>\n\t\t\t\t\t<\/div>\n\t\t<\/section>\n\t\t<div class=\"elementor-element elementor-element-2dda4e4 e-flex e-con-boxed e-con e-parent\" data-id=\"2dda4e4\" data-element_type=\"container\" data-e-type=\"container\">\n\t\t\t\t\t<div class=\"e-con-inner\">\n\t\t\t\t<div class=\"vamtam-has-theme-widget-styles elementor-element elementor-element-94c43e8 elementor-widget elementor-widget-text-editor\" data-id=\"94c43e8\" data-element_type=\"widget\" data-e-type=\"widget\" data-widget_type=\"text-editor.default\">\n\t\t\t\t<div class=\"elementor-widget-container\">\n\t\t\t\t\t\t\t\t\t<p>VERTADEC S.L., titular del Lloc Web (pavimentus.com), utilitza cookies de tercers per a diferents finalitats. VERTADEC S.L. recorre a l&#8217;\u00fas de cookies als efectes de complir les exig\u00e8ncies legals previstes a la Llei 34\/2002, d&#8217;11 de juliol, de serveis de la societat de la informaci\u00f3 i de comer\u00e7 electr\u00f2nic.<br \/>Aquesta Pol\u00edtica de Cookies t\u00e9 per objecte informar-vos de manera clara i precisa sobre les cookies que utilitzem, la informaci\u00f3 que recopilem a trav\u00e9s d&#8217;aquestes i per a quines finalitats s&#8217;utilitza aquesta informaci\u00f3.<br \/>Per obtenir m\u00e9s informaci\u00f3 sobre com utilitzem, emmagatzemem i mantenim assegurances les vostres dades personals podeu consultar la nostra <a href=\"https:\/\/www.pavimentus.com\/ca\/politica-de-privadesa\/\">Pol\u00edtica de privadesa<\/a>.<\/p><div>\u00a0<\/div><p><strong>Qu\u00e8 s\u00f3n les cookies i quina \u00e9s la seva finalitat?<\/strong><\/p><p>Una &#8220;cookie&#8221; \u00e9s un arxiu que s&#8217;emmagatzema a l&#8217;ordinador, tauleta, smartphone o qualsevol altre dispositiu de l&#8217;usuari, amb la finalitat d&#8217;obtenir i emmagatzemar informaci\u00f3 sobre el \u00fas, per part d&#8217;aquest \u00faltim, del Lloc Web (article 22.2 LSSI).<\/p><div>\u00a0<\/div><p><strong>Quin tipus de cookies hi ha?<\/strong><\/p><p>A continuaci\u00f3, s&#8217;exposa una classificaci\u00f3 de les galetes que existeixen i poden arribar a ser utilitzades al nostre Lloc Web, tenint en compte que una mateixa galeta pot estar inclosa en m\u00e9s d&#8217;una categoria.<br \/><strong>1) <\/strong>Segons l&#8217;entitat que les gestiona<br \/>&#8211; Cookies pr\u00f2pies: aquelles que s&#8217;envien al vostre equip des dels nostres propis equips o dominis i des del qual prestem el servei que ens sol\u00b7licita.<br \/>&#8211; Cookies de tercers: aquelles que s&#8217;envien al vostre equip des d&#8217;un equip o domini que no \u00e9s gestionat per VERTADEC S.L., sin\u00f3 per una altra entitat col\u00b7laboradora.<br \/><strong>2)<\/strong> Segons el termini de temps que romanen actives<br \/>&#8211; Cookies de sessi\u00f3: galetes temporals dissenyades per a demanar i emmagatzemar dades mentre accedeix al nostre Lloc Web, desapareixent la informaci\u00f3 una vegada es tanca la sessi\u00f3 (de manera que cap dada queda emmagatzemada al terminal).<br \/>&#8211; Cookies persistents: les dades s&#8217;emmagatzemen al terminal i poden ser accedides i tractades durant un per\u00edode de temps determinat.<br \/><strong>3) <\/strong>Segons la finalitat<br \/>&#8211; Cookies t\u00e8cniques: aquelles que permeten la navegaci\u00f3 a trav\u00e9s del Lloc Web, incloent-hi aquelles utilitzades per a la gesti\u00f3 del Lloc Web i l&#8217;habilitaci\u00f3 de les seves funcions i serveis (ex.: controlar el tr\u00e0nsit i la comunicaci\u00f3 de dades, identificar la sessi\u00f3, accedir-hi a parts dacc\u00e9s restringit, etc.).<br \/>&#8211; Cookies de personalitzaci\u00f3: aquelles que permeten recordar informaci\u00f3 perqu\u00e8 pugui accedir al Lloc Web amb determinades caracter\u00edstiques que poden diferenciar la seva experi\u00e8ncia de la d&#8217;altres usuaris (ex.: l&#8217;idioma, el nombre de resultats a mostrar quan l&#8217;usuari realitza una cerca, l&#8217;aspecte o el contingut del servei en funci\u00f3 del tipus de navegador a trav\u00e9s del qual l&#8217;usuari accedeix al servei o de la regi\u00f3 des de la qual accedeix al servei, etc.).<br \/>&#8211; Cookies d&#8217;an\u00e0lisi o mesurament: aquelles que permeten al responsable de les mateixes el seguiment i l&#8217;an\u00e0lisi del comportament dels usuaris, inclosa la quantificaci\u00f3 dels impactes dels anuncis. La informaci\u00f3 recollida mitjan\u00e7ant aquest tipus de galetes s&#8217;utilitza en el mesurament de l&#8217;activitat del Lloc Web per introduir millores en funci\u00f3 de l&#8217;an\u00e0lisi de les dades d&#8217;\u00fas que fan els usuaris. <br \/>&#8211; Cookies de publicitat comportamental: aquelles que emmagatzemen informaci\u00f3 del comportament dels usuaris obtinguda a trav\u00e9s de l&#8217;observaci\u00f3 continuada dels seus h\u00e0bits de navegaci\u00f3, cosa que permet desenvolupar un perfil espec\u00edfic per mostrar publicitat en funci\u00f3 del mateix.<\/p><div>\u00a0<\/div><p><strong>Quines cookies utilitzem al nostre lloc web?<\/strong><\/p><p>En nuestra p\u00e1gina web utilizamos las cookies de Google Analytics:<br \/><strong>_ga:<\/strong> T\u00e9 una durada de 2 anys. Es fa servir per distingir els usuaris. <br \/><strong>_gid:<\/strong> T\u00e9 una durada de 24 hores. Es fa servir per distingir els usuaris. <br \/><strong>_gat<\/strong>: T\u00e9 una durada de 1 minut. Es fa servir per limitar el percentatge de sol\u00b7licituds. <br \/><strong>AMP_TOKEN:<\/strong> T\u00e9 una durada de 30 segons a 1 any. Inclou un token que podeu utilitzar per recuperar un ID de client del servei d&#8217;IDs de client d&#8217;AMP. Altres possibles valors indiquen inhabilitacions, sol\u00b7licituds en curs o errors obtinguts en recuperar un ID del servei d&#8217;ID de client d&#8217;AMP. <br \/><strong>_gac_:<\/strong> T\u00e9 una durada de 90 dies. Inclou informaci\u00f3 sobre la campanya relativa a l&#8217;usuari.<br \/>A la nostra p\u00e0gina web utilitzem les cookies t\u00e8cniques seg\u00fcents: <br \/><strong>ssi&#8211;sessionId<\/strong> T\u00e9 una durada de 365 dies. \u00c9s una galeta t\u00e8cnica i s&#8217;utilitza per fer cerques a la p\u00e0gina web. <br \/><strong>ssi&#8211;lastInteraction Tenen una durada de 10 minuts. \u00c9s una galeta t\u00e8cnica i s&#8217;utilitza per fer cerques a la p\u00e0gina web.<\/strong> <br \/><strong>Galetes de sessi\u00f3 de PHP<\/strong> S\u00f3n galetes t\u00e8cniques i s&#8217;eliminen en tancar el navegador.<\/p><div>\u00a0<\/div><p><strong>Durant quant de temps conservarem la informaci\u00f3?<\/strong><\/p><p>En compliment de l&#8217;art. 13.2 del Reglament (UE) 2016\/679, mantindrem la informaci\u00f3 recollida a trav\u00e9s de les cookies durant el temps imprescindible per complir amb les finalitats indicades a cada galeta.<\/p><div>\u00a0<\/div><p><strong>Com configurar o desactivar les cookies?<\/strong><\/p><p>La legitimaci\u00f3 de VERTADEC S.L. per a l&#8217;\u00fas de cookies est\u00e0 basada en el consentiment expr\u00e9s d&#8217;acord amb l&#8217;article 6.1.a) del Reglament (UE) 2016\/679.<br \/>El consentiment que ens ha prestat \u00e9s aplicable a les cookies del present Lloc Web i dels llocs web dels tercers amb qu\u00e8 col\u00b7laborem, especificats a l&#8217;apartat \u201cquines cookies utilitzem al nostre lloc web?\u201d de la present Pol\u00edtica.<br \/>Podeu restringir, bloquejar o esborrar les galetes instal\u00b7lades al vostre equip mitjan\u00e7ant la configuraci\u00f3 de les opcions del vostre navegador d&#8217;Internet:<br \/>&#8211; Google Chrome: (https:\/\/support.google.com\/accounts\/answer\/61416?co=GENIE.Platform=Desktop&amp;hl=es#)<br \/>&#8211; Mozilla Firefox: (https:\/\/support.mozilla.org\/es\/kb\/habilitar-y-deshabilitar-cookies-sitios-web-rastrear-preferencias)<br \/>&#8211; Internet Explorer: (https:\/\/support.microsoft.com\/es-es\/topic\/eliminar-y-administrar-cookies-168dab11-0753-043d-7c16-ede5947fc64d)<br \/>&#8211; Safari: (https:\/\/support.apple.com\/es-es\/guide\/safari\/sfri11471\/mac)<\/p><div>\u00a0<\/div><p>Aquesta Pol\u00edtica de Cookies (revisada el mes de desembre de 2020 per tal d&#8217;adaptar-la a la Guia de Cookies de l&#8217;AEPD) ser\u00e0 objecte de modificaci\u00f3 sempre que resulti necessari per tal d&#8217;adaptar-la a l&#8217;actualitat legislativa de cada moment oa qualsevol variaci\u00f3 al tipus de cookies utilitzades al Lloc Web. Per aix\u00f2, us recomanem revisar la present Pol\u00edtica cada vegada que accediu al nostre Lloc Web amb l&#8217;objectiu de mantenir-vos informats sobre com i per a qu\u00e8 usem les cookies.<\/p>\t\t\t\t\t\t\t\t<\/div>\n\t\t\t\t<\/div>\n\t\t\t\t\t<\/div>\n\t\t\t\t<\/div>\n\t\t\t\t<\/div>\n\t\t","protected":false},"excerpt":{"rendered":"<p>VERTADEC S.L., titular del Lloc Web (pavimentus.com), utilitza cookies de tercers per a diferents finalitats. VERTADEC S.L. recorre a l&#8217;\u00fas de cookies als efectes de complir les exig\u00e8ncies legals previstes a la Llei 34\/2002, d&#8217;11 de juliol, de serveis de la societat de la informaci\u00f3 i de comer\u00e7 electr\u00f2nic.Aquesta Pol\u00edtica de Cookies t\u00e9 per objecte&#8230;<\/p>\n","protected":false},"author":2,"featured_media":0,"parent":0,"menu_order":0,"comment_status":"closed","ping_status":"closed","template":"elementor_header_footer","meta":{"_joinchat":[],"footnotes":""},"class_list":["post-990384","page","type-page","status-publish","hentry"],"yoast_head":"<!-- This site is optimized with the Yoast SEO plugin v27.0 - https:\/\/yoast.com\/product\/yoast-seo-wordpress\/ -->\n<title>Pol\u00edtica de cookies | Pavimentus<\/title>\n<meta name=\"description\" content=\"P\u00e0gina de la pol\u00edtica de cookies del lloc web de Pavimentus.\" \/>\n<meta name=\"robots\" content=\"index, follow, max-snippet:-1, max-image-preview:large, max-video-preview:-1\" \/>\n<link rel=\"canonical\" href=\"https:\/\/www.pavimentus.com\/ca\/politica-de-cookies\/\" \/>\n<meta property=\"og:locale\" content=\"ca_ES\" \/>\n<meta property=\"og:type\" content=\"article\" \/>\n<meta property=\"og:title\" content=\"Pol\u00edtica de cookies | Pavimentus\" \/>\n<meta property=\"og:description\" content=\"P\u00e0gina de la pol\u00edtica de cookies del lloc web de Pavimentus.\" \/>\n<meta property=\"og:url\" content=\"https:\/\/www.pavimentus.com\/ca\/politica-de-cookies\/\" \/>\n<meta property=\"og:site_name\" content=\"Pavimentus \u00b7 Tarima Tecnol\u00f3gica Sint\u00e9tica, Vallas y Medianeras y Revestimiento\" \/>\n<meta property=\"article:publisher\" content=\"https:\/\/www.facebook.com\/pavimentus\/\" \/>\n<meta property=\"article:modified_time\" content=\"2025-01-28T10:06:26+00:00\" \/>\n<meta name=\"twitter:card\" content=\"summary_large_image\" \/>\n<meta name=\"twitter:label1\" content=\"Temps estimat de lectura\" \/>\n\t<meta name=\"twitter:data1\" content=\"5 minuts\" \/>\n<script type=\"application\/ld+json\" class=\"yoast-schema-graph\">{\"@context\":\"https:\/\/schema.org\",\"@graph\":[{\"@type\":\"WebPage\",\"@id\":\"https:\/\/www.pavimentus.com\/ca\/politica-de-cookies\/\",\"url\":\"https:\/\/www.pavimentus.com\/ca\/politica-de-cookies\/\",\"name\":\"Pol\u00edtica de cookies | Pavimentus\",\"isPartOf\":{\"@id\":\"https:\/\/www.pavimentus.com\/ca\/#website\"},\"datePublished\":\"2024-07-04T14:34:58+00:00\",\"dateModified\":\"2025-01-28T10:06:26+00:00\",\"description\":\"P\u00e0gina de la pol\u00edtica de cookies del lloc web de Pavimentus.\",\"breadcrumb\":{\"@id\":\"https:\/\/www.pavimentus.com\/ca\/politica-de-cookies\/#breadcrumb\"},\"inLanguage\":\"ca\",\"potentialAction\":[{\"@type\":\"ReadAction\",\"target\":[\"https:\/\/www.pavimentus.com\/ca\/politica-de-cookies\/\"]}]},{\"@type\":\"BreadcrumbList\",\"@id\":\"https:\/\/www.pavimentus.com\/ca\/politica-de-cookies\/#breadcrumb\",\"itemListElement\":[{\"@type\":\"ListItem\",\"position\":1,\"name\":\"Portada\",\"item\":\"https:\/\/www.pavimentus.com\/ca\/\"},{\"@type\":\"ListItem\",\"position\":2,\"name\":\"Pol\u00edtica de Cookies\"}]},{\"@type\":\"WebSite\",\"@id\":\"https:\/\/www.pavimentus.com\/ca\/#website\",\"url\":\"https:\/\/www.pavimentus.com\/ca\/\",\"name\":\"Pavimentus \u00b7 Tarima Tecnol\u00f3gica Sint\u00e9tica, Vallas y Medianeras y Revestimiento\",\"description\":\"Tarimas, fachadas y vallas de madera sint\u00e9tica o tecnol\u00f3gica de bajo mantenimiento. Para m\u00e1s informaci\u00f3n: 93 135 10 05\",\"publisher\":{\"@id\":\"https:\/\/www.pavimentus.com\/ca\/#organization\"},\"potentialAction\":[{\"@type\":\"SearchAction\",\"target\":{\"@type\":\"EntryPoint\",\"urlTemplate\":\"https:\/\/www.pavimentus.com\/ca\/?s={search_term_string}\"},\"query-input\":{\"@type\":\"PropertyValueSpecification\",\"valueRequired\":true,\"valueName\":\"search_term_string\"}}],\"inLanguage\":\"ca\"},{\"@type\":\"Organization\",\"@id\":\"https:\/\/www.pavimentus.com\/ca\/#organization\",\"name\":\"Pavimentus \u00b7 Tarima Tecnol\u00f3gica Sint\u00e9tica, Vallas y Medianeras y Revestimiento\",\"url\":\"https:\/\/www.pavimentus.com\/ca\/\",\"logo\":{\"@type\":\"ImageObject\",\"inLanguage\":\"ca\",\"@id\":\"https:\/\/www.pavimentus.com\/ca\/#\/schema\/logo\/image\/\",\"url\":\"https:\/\/www.pavimentus.com\/wp-content\/uploads\/2024\/08\/cropped-LOGO_PAVIMENTUS_01.png\",\"contentUrl\":\"https:\/\/www.pavimentus.com\/wp-content\/uploads\/2024\/08\/cropped-LOGO_PAVIMENTUS_01.png\",\"width\":3635,\"height\":426,\"caption\":\"Pavimentus \u00b7 Tarima Tecnol\u00f3gica Sint\u00e9tica, Vallas y Medianeras y Revestimiento\"},\"image\":{\"@id\":\"https:\/\/www.pavimentus.com\/ca\/#\/schema\/logo\/image\/\"},\"sameAs\":[\"https:\/\/www.facebook.com\/pavimentus\/\"]}]}<\/script>\n<!-- \/ Yoast SEO plugin. -->","yoast_head_json":{"title":"Pol\u00edtica de cookies | Pavimentus","description":"P\u00e0gina de la pol\u00edtica de cookies del lloc web de Pavimentus.","robots":{"index":"index","follow":"follow","max-snippet":"max-snippet:-1","max-image-preview":"max-image-preview:large","max-video-preview":"max-video-preview:-1"},"canonical":"https:\/\/www.pavimentus.com\/ca\/politica-de-cookies\/","og_locale":"ca_ES","og_type":"article","og_title":"Pol\u00edtica de cookies | Pavimentus","og_description":"P\u00e0gina de la pol\u00edtica de cookies del lloc web de Pavimentus.","og_url":"https:\/\/www.pavimentus.com\/ca\/politica-de-cookies\/","og_site_name":"Pavimentus \u00b7 Tarima Tecnol\u00f3gica Sint\u00e9tica, Vallas y Medianeras y Revestimiento","article_publisher":"https:\/\/www.facebook.com\/pavimentus\/","article_modified_time":"2025-01-28T10:06:26+00:00","twitter_card":"summary_large_image","twitter_misc":{"Temps estimat de lectura":"5 minuts"},"schema":{"@context":"https:\/\/schema.org","@graph":[{"@type":"WebPage","@id":"https:\/\/www.pavimentus.com\/ca\/politica-de-cookies\/","url":"https:\/\/www.pavimentus.com\/ca\/politica-de-cookies\/","name":"Pol\u00edtica de cookies | Pavimentus","isPartOf":{"@id":"https:\/\/www.pavimentus.com\/ca\/#website"},"datePublished":"2024-07-04T14:34:58+00:00","dateModified":"2025-01-28T10:06:26+00:00","description":"P\u00e0gina de la pol\u00edtica de cookies del lloc web de Pavimentus.","breadcrumb":{"@id":"https:\/\/www.pavimentus.com\/ca\/politica-de-cookies\/#breadcrumb"},"inLanguage":"ca","potentialAction":[{"@type":"ReadAction","target":["https:\/\/www.pavimentus.com\/ca\/politica-de-cookies\/"]}]},{"@type":"BreadcrumbList","@id":"https:\/\/www.pavimentus.com\/ca\/politica-de-cookies\/#breadcrumb","itemListElement":[{"@type":"ListItem","position":1,"name":"Portada","item":"https:\/\/www.pavimentus.com\/ca\/"},{"@type":"ListItem","position":2,"name":"Pol\u00edtica de Cookies"}]},{"@type":"WebSite","@id":"https:\/\/www.pavimentus.com\/ca\/#website","url":"https:\/\/www.pavimentus.com\/ca\/","name":"Pavimentus \u00b7 Tarima Tecnol\u00f3gica Sint\u00e9tica, Vallas y Medianeras y Revestimiento","description":"Tarimas, fachadas y vallas de madera sint\u00e9tica o tecnol\u00f3gica de bajo mantenimiento. Para m\u00e1s informaci\u00f3n: 93 135 10 05","publisher":{"@id":"https:\/\/www.pavimentus.com\/ca\/#organization"},"potentialAction":[{"@type":"SearchAction","target":{"@type":"EntryPoint","urlTemplate":"https:\/\/www.pavimentus.com\/ca\/?s={search_term_string}"},"query-input":{"@type":"PropertyValueSpecification","valueRequired":true,"valueName":"search_term_string"}}],"inLanguage":"ca"},{"@type":"Organization","@id":"https:\/\/www.pavimentus.com\/ca\/#organization","name":"Pavimentus \u00b7 Tarima Tecnol\u00f3gica Sint\u00e9tica, Vallas y Medianeras y Revestimiento","url":"https:\/\/www.pavimentus.com\/ca\/","logo":{"@type":"ImageObject","inLanguage":"ca","@id":"https:\/\/www.pavimentus.com\/ca\/#\/schema\/logo\/image\/","url":"https:\/\/www.pavimentus.com\/wp-content\/uploads\/2024\/08\/cropped-LOGO_PAVIMENTUS_01.png","contentUrl":"https:\/\/www.pavimentus.com\/wp-content\/uploads\/2024\/08\/cropped-LOGO_PAVIMENTUS_01.png","width":3635,"height":426,"caption":"Pavimentus \u00b7 Tarima Tecnol\u00f3gica Sint\u00e9tica, Vallas y Medianeras y Revestimiento"},"image":{"@id":"https:\/\/www.pavimentus.com\/ca\/#\/schema\/logo\/image\/"},"sameAs":["https:\/\/www.facebook.com\/pavimentus\/"]}]}},"_links":{"self":[{"href":"https:\/\/www.pavimentus.com\/ca\/wp-json\/wp\/v2\/pages\/990384","targetHints":{"allow":["GET"]}}],"collection":[{"href":"https:\/\/www.pavimentus.com\/ca\/wp-json\/wp\/v2\/pages"}],"about":[{"href":"https:\/\/www.pavimentus.com\/ca\/wp-json\/wp\/v2\/types\/page"}],"author":[{"embeddable":true,"href":"https:\/\/www.pavimentus.com\/ca\/wp-json\/wp\/v2\/users\/2"}],"replies":[{"embeddable":true,"href":"https:\/\/www.pavimentus.com\/ca\/wp-json\/wp\/v2\/comments?post=990384"}],"version-history":[{"count":0,"href":"https:\/\/www.pavimentus.com\/ca\/wp-json\/wp\/v2\/pages\/990384\/revisions"}],"wp:attachment":[{"href":"https:\/\/www.pavimentus.com\/ca\/wp-json\/wp\/v2\/media?parent=990384"}],"curies":[{"name":"wp","href":"https:\/\/api.w.org\/{rel}","templated":true}]}}