{"id":990376,"date":"2023-08-01T11:29:52","date_gmt":"2023-08-01T09:29:52","guid":{"rendered":"https:\/\/www.pavimentus.com\/converteix-te-en-distribuidor\/"},"modified":"2024-10-28T15:54:46","modified_gmt":"2024-10-28T14:54:46","slug":"converteix-te-en-distribuidor","status":"publish","type":"page","link":"https:\/\/www.pavimentus.com\/ca\/converteix-te-en-distribuidor\/","title":{"rendered":"Converteix-te en distribu\u00efdor"},"content":{"rendered":"\t\t<div data-elementor-type=\"wp-page\" data-elementor-id=\"990376\" class=\"elementor elementor-990376 elementor-216\" data-elementor-post-type=\"page\">\n\t\t\t\t\t\t<section class=\"elementor-section elementor-top-section elementor-element elementor-element-9f35176 elementor-section-boxed elementor-section-height-default elementor-section-height-default\" data-id=\"9f35176\" data-element_type=\"section\" data-e-type=\"section\">\n\t\t\t\t\t\t<div class=\"elementor-container elementor-column-gap-default\">\n\t\t\t\t\t<div class=\"elementor-column elementor-col-100 elementor-top-column elementor-element elementor-element-0c2d423\" data-id=\"0c2d423\" data-element_type=\"column\" data-e-type=\"column\">\n\t\t\t<div class=\"elementor-widget-wrap elementor-element-populated\">\n\t\t\t\t\t\t<div class=\"elementor-element elementor-element-d03e6aa elementor-widget elementor-widget-spacer\" data-id=\"d03e6aa\" data-element_type=\"widget\" data-e-type=\"widget\" data-widget_type=\"spacer.default\">\n\t\t\t\t<div class=\"elementor-widget-container\">\n\t\t\t\t\t\t\t<div class=\"elementor-spacer\">\n\t\t\t<div class=\"elementor-spacer-inner\"><\/div>\n\t\t<\/div>\n\t\t\t\t\t\t<\/div>\n\t\t\t\t<\/div>\n\t\t\t\t<div class=\"elementor-element elementor-element-d64563e animated-fast elementor-icon-list--layout-traditional elementor-list-item-link-full_width elementor-invisible elementor-widget elementor-widget-icon-list\" data-id=\"d64563e\" data-element_type=\"widget\" data-e-type=\"widget\" data-settings=\"{&quot;_animation&quot;:&quot;fadeInDown&quot;,&quot;_animation_delay&quot;:400,&quot;_animation_tablet&quot;:&quot;none&quot;}\" data-widget_type=\"icon-list.default\">\n\t\t\t\t<div class=\"elementor-widget-container\">\n\t\t\t\t\t\t\t<ul class=\"elementor-icon-list-items\">\n\t\t\t\t\t\t\t<li class=\"elementor-icon-list-item\">\n\t\t\t\t\t\t\t\t\t\t\t<span class=\"elementor-icon-list-icon\">\n\t\t\t\t\t\t\t<i aria-hidden=\"true\" class=\"vamtamtheme- vamtam-theme-Line\"><\/i>\t\t\t\t\t\t<\/span>\n\t\t\t\t\t\t\t\t\t\t<span class=\"elementor-icon-list-text\">Pavimentus<\/span>\n\t\t\t\t\t\t\t\t\t<\/li>\n\t\t\t\t\t\t<\/ul>\n\t\t\t\t\t\t<\/div>\n\t\t\t\t<\/div>\n\t\t\t\t<div class=\"elementor-element elementor-element-79bb8d4 elementor-invisible elementor-widget elementor-widget-heading\" data-id=\"79bb8d4\" data-element_type=\"widget\" data-e-type=\"widget\" data-settings=\"{&quot;_animation&quot;:&quot;fadeIn&quot;,&quot;_animation_tablet&quot;:&quot;none&quot;,&quot;_animation_delay&quot;:300}\" data-widget_type=\"heading.default\">\n\t\t\t\t<div class=\"elementor-widget-container\">\n\t\t\t\t\t<h1 class=\"elementor-heading-title elementor-size-default\">converteix-te en distribu\u00efdor<\/h1>\t\t\t\t<\/div>\n\t\t\t\t<\/div>\n\t\t\t\t<div class=\"vamtam-has-theme-widget-styles elementor-element elementor-element-acd6231 elementor-widget elementor-widget-text-editor\" data-id=\"acd6231\" data-element_type=\"widget\" data-e-type=\"widget\" data-widget_type=\"text-editor.default\">\n\t\t\t\t<div class=\"elementor-widget-container\">\n\t\t\t\t\t\t\t\t\t<p>Gr\u00e0cies per interessar-te en els nostres productes. A Pavimentus sempre estem oberts a noves col\u00b7laboracions.   <\/p>\n\t\t\t\t\t\t\t\t<\/div>\n\t\t\t\t<\/div>\n\t\t\t\t<div class=\"elementor-element elementor-element-fb75368 elementor-widget elementor-widget-spacer\" data-id=\"fb75368\" data-element_type=\"widget\" data-e-type=\"widget\" data-widget_type=\"spacer.default\">\n\t\t\t\t<div class=\"elementor-widget-container\">\n\t\t\t\t\t\t\t<div class=\"elementor-spacer\">\n\t\t\t<div class=\"elementor-spacer-inner\"><\/div>\n\t\t<\/div>\n\t\t\t\t\t\t<\/div>\n\t\t\t\t<\/div>\n\t\t\t\t\t<\/div>\n\t\t<\/div>\n\t\t\t\t\t<\/div>\n\t\t<\/section>\n\t\t\t\t<section class=\"elementor-section elementor-top-section elementor-element elementor-element-24925fa elementor-section-boxed elementor-section-height-default elementor-section-height-default\" data-id=\"24925fa\" data-element_type=\"section\" data-e-type=\"section\">\n\t\t\t\t\t\t<div class=\"elementor-container elementor-column-gap-no\">\n\t\t\t\t\t<div class=\"elementor-column elementor-col-100 elementor-top-column elementor-element elementor-element-32b57de\" data-id=\"32b57de\" data-element_type=\"column\" data-e-type=\"column\">\n\t\t\t<div class=\"elementor-widget-wrap elementor-element-populated\">\n\t\t\t\t\t\t<div class=\"elementor-element elementor-element-0ccd7fe elementor-widget elementor-widget-heading\" data-id=\"0ccd7fe\" data-element_type=\"widget\" data-e-type=\"widget\" data-widget_type=\"heading.default\">\n\t\t\t\t<div class=\"elementor-widget-container\">\n\t\t\t\t\t<h6 class=\"elementor-heading-title elementor-size-default\">Descobreix la nostra gamma de productes<\/h6>\t\t\t\t<\/div>\n\t\t\t\t<\/div>\n\t\t\t\t<div class=\"elementor-element elementor-element-4912310 elementor-icon-list--layout-inline elementor-widget__width-initial elementor-list-item-link-full_width elementor-widget elementor-widget-icon-list\" data-id=\"4912310\" data-element_type=\"widget\" data-e-type=\"widget\" data-widget_type=\"icon-list.default\">\n\t\t\t\t<div class=\"elementor-widget-container\">\n\t\t\t\t\t\t\t<ul class=\"elementor-icon-list-items elementor-inline-items\">\n\t\t\t\t\t\t\t<li class=\"elementor-icon-list-item elementor-inline-item\">\n\t\t\t\t\t\t\t\t\t\t\t<span class=\"elementor-icon-list-icon\">\n\t\t\t\t\t\t\t<i aria-hidden=\"true\" class=\"vamtamtheme- vamtam-theme-check\"><\/i>\t\t\t\t\t\t<\/span>\n\t\t\t\t\t\t\t\t\t\t<span class=\"elementor-icon-list-text\">Tarimes tecnol\u00f2giques sint\u00e8tiques<\/span>\n\t\t\t\t\t\t\t\t\t<\/li>\n\t\t\t\t\t\t<\/ul>\n\t\t\t\t\t\t<\/div>\n\t\t\t\t<\/div>\n\t\t\t\t<div class=\"elementor-element elementor-element-b66c1c7 elementor-icon-list--layout-inline elementor-widget__width-initial elementor-list-item-link-full_width elementor-widget elementor-widget-icon-list\" data-id=\"b66c1c7\" data-element_type=\"widget\" data-e-type=\"widget\" data-widget_type=\"icon-list.default\">\n\t\t\t\t<div class=\"elementor-widget-container\">\n\t\t\t\t\t\t\t<ul class=\"elementor-icon-list-items elementor-inline-items\">\n\t\t\t\t\t\t\t<li class=\"elementor-icon-list-item elementor-inline-item\">\n\t\t\t\t\t\t\t\t\t\t\t<span class=\"elementor-icon-list-icon\">\n\t\t\t\t\t\t\t<i aria-hidden=\"true\" class=\"vamtamtheme- vamtam-theme-check\"><\/i>\t\t\t\t\t\t<\/span>\n\t\t\t\t\t\t\t\t\t\t<span class=\"elementor-icon-list-text\">Tanques tecnol\u00f2giques sint\u00e8tiques<\/span>\n\t\t\t\t\t\t\t\t\t<\/li>\n\t\t\t\t\t\t<\/ul>\n\t\t\t\t\t\t<\/div>\n\t\t\t\t<\/div>\n\t\t\t\t<div class=\"elementor-element elementor-element-2c70f03 elementor-icon-list--layout-inline elementor-widget__width-initial elementor-list-item-link-full_width elementor-widget elementor-widget-icon-list\" data-id=\"2c70f03\" data-element_type=\"widget\" data-e-type=\"widget\" data-widget_type=\"icon-list.default\">\n\t\t\t\t<div class=\"elementor-widget-container\">\n\t\t\t\t\t\t\t<ul class=\"elementor-icon-list-items elementor-inline-items\">\n\t\t\t\t\t\t\t<li class=\"elementor-icon-list-item elementor-inline-item\">\n\t\t\t\t\t\t\t\t\t\t\t<span class=\"elementor-icon-list-icon\">\n\t\t\t\t\t\t\t<i aria-hidden=\"true\" class=\"vamtamtheme- vamtam-theme-check\"><\/i>\t\t\t\t\t\t<\/span>\n\t\t\t\t\t\t\t\t\t\t<span class=\"elementor-icon-list-text\">Fa\u00e7anes tecnol\u00f2giques sint\u00e8tiques<\/span>\n\t\t\t\t\t\t\t\t\t<\/li>\n\t\t\t\t\t\t<\/ul>\n\t\t\t\t\t\t<\/div>\n\t\t\t\t<\/div>\n\t\t\t\t\t<\/div>\n\t\t<\/div>\n\t\t\t\t\t<\/div>\n\t\t<\/section>\n\t\t\t\t<section class=\"elementor-section elementor-top-section elementor-element elementor-element-db81009 elementor-section-boxed elementor-section-height-default elementor-section-height-default\" data-id=\"db81009\" data-element_type=\"section\" data-e-type=\"section\">\n\t\t\t\t\t\t<div class=\"elementor-container elementor-column-gap-no\">\n\t\t\t\t\t<div class=\"elementor-column elementor-col-50 elementor-top-column elementor-element elementor-element-7a068dc\" data-id=\"7a068dc\" data-element_type=\"column\" data-e-type=\"column\">\n\t\t\t<div class=\"elementor-widget-wrap elementor-element-populated\">\n\t\t\t\t\t\t<div class=\"vamtam-has-theme-widget-styles elementor-element elementor-element-aad39a1 elementor-widget elementor-widget-text-editor\" data-id=\"aad39a1\" data-element_type=\"widget\" data-e-type=\"widget\" data-widget_type=\"text-editor.default\">\n\t\t\t\t<div class=\"elementor-widget-container\">\n\t\t\t\t\t\t\t\t\t\n<div class=\"wpcf7 no-js\" id=\"wpcf7-f990599-o1\" lang=\"es-ES\" dir=\"ltr\" data-wpcf7-id=\"990599\">\n<div class=\"screen-reader-response\"><p role=\"status\" aria-live=\"polite\" aria-atomic=\"true\"><\/p> <ul><\/ul><\/div>\n<form action=\"\/ca\/wp-json\/wp\/v2\/pages\/990376#wpcf7-f990599-o1\" method=\"post\" class=\"wpcf7-form init\" aria-label=\"Formulario de contacto\" novalidate=\"novalidate\" data-status=\"init\">\n<fieldset class=\"hidden-fields-container\"><input type=\"hidden\" name=\"_wpcf7\" value=\"990599\" \/><input type=\"hidden\" name=\"_wpcf7_version\" value=\"6.1.5\" \/><input type=\"hidden\" name=\"_wpcf7_locale\" value=\"es_ES\" \/><input type=\"hidden\" name=\"_wpcf7_unit_tag\" value=\"wpcf7-f990599-o1\" \/><input type=\"hidden\" name=\"_wpcf7_container_post\" value=\"0\" \/><input type=\"hidden\" name=\"_wpcf7_posted_data_hash\" value=\"\" \/><input type=\"hidden\" name=\"_wpcf7_recaptcha_response\" value=\"\" \/>\n<\/fieldset>\n<div class=\"cf-container\">\n\t<div class=\"cf-col-6\">\n\t\t<p>Nom<br \/>\n<span class=\"wpcf7-form-control-wrap\" data-name=\"first-name\"><input size=\"40\" maxlength=\"400\" class=\"wpcf7-form-control wpcf7-text wpcf7-validates-as-required\" aria-required=\"true\" aria-invalid=\"false\" value=\"\" type=\"text\" name=\"first-name\" \/><\/span>\n\t\t<\/p>\n\t<\/div>\n\t<div class=\"cf-col-6\">\n\t\t<p>Cognom<br \/>\n<span class=\"wpcf7-form-control-wrap\" data-name=\"last-name\"><input size=\"40\" maxlength=\"400\" class=\"wpcf7-form-control wpcf7-text wpcf7-validates-as-required\" aria-required=\"true\" aria-invalid=\"false\" value=\"\" type=\"text\" name=\"last-name\" \/><\/span>\n\t\t<\/p>\n\t<\/div>\n\t<div class=\"cf-col-6\">\n\t\t<p>Correu Electr\u00f2nic<br \/>\n<span class=\"wpcf7-form-control-wrap\" data-name=\"your-email\"><input size=\"40\" maxlength=\"400\" class=\"wpcf7-form-control wpcf7-email wpcf7-validates-as-required wpcf7-text wpcf7-validates-as-email\" aria-required=\"true\" aria-invalid=\"false\" value=\"\" type=\"email\" name=\"your-email\" \/><\/span>\n\t\t<\/p>\n\t<\/div>\n\t<div class=\"cf-col-6\">\n\t\t<p>Tel\u00e8fon<br \/>\n<span class=\"wpcf7-form-control-wrap\" data-name=\"your-phone\"><input size=\"40\" maxlength=\"400\" class=\"wpcf7-form-control wpcf7-text wpcf7-validates-as-required\" aria-required=\"true\" aria-invalid=\"false\" value=\"\" type=\"text\" name=\"your-phone\" \/><\/span>\n\t\t<\/p>\n\t<\/div>\n\t<div class=\"cf-col-12\">\n\t\t<p>Tipus de projectes, ubicaci\u00f3&#8230;<br \/>\n<span class=\"wpcf7-form-control-wrap\" data-name=\"your-message\"><textarea cols=\"40\" rows=\"10\" maxlength=\"2000\" class=\"wpcf7-form-control wpcf7-textarea\" aria-invalid=\"false\" name=\"your-message\"><\/textarea><\/span>\n\t\t<\/p>\n\t<\/div>\n\t<div class=\"cf-col-12\">\n\t\t<p><span class=\"wpcf7-form-control-wrap\" data-name=\"acceptance-945\"><span class=\"wpcf7-form-control wpcf7-acceptance optional\"><span class=\"wpcf7-list-item\"><label><input type=\"checkbox\" name=\"acceptance-945\" value=\"1\" aria-invalid=\"false\" \/><span class=\"wpcf7-list-item-label\">He llegit i accepto l&#8217;Av\u00eds Legal i la Pol\u00edtica de Privadesa.<\/span><\/label><\/span><\/span><\/span>\n\t\t<\/p>\n\t<\/div>\n\t<div class=\"cf-col-12\">\n\t\t<p><input class=\"wpcf7-form-control wpcf7-submit has-spinner\" type=\"submit\" value=\"Enviar\" \/>\n\t\t<\/p>\n\t<\/div>\n<\/div><div class=\"wpcf7-response-output\" aria-hidden=\"true\"><\/div>\n<\/form>\n<\/div>\n\t\t\t\t\t\t\t\t<\/div>\n\t\t\t\t<\/div>\n\t\t\t\t\t<\/div>\n\t\t<\/div>\n\t\t\t\t<div class=\"elementor-column elementor-col-50 elementor-top-column elementor-element elementor-element-d6d6360\" data-id=\"d6d6360\" data-element_type=\"column\" data-e-type=\"column\" data-settings=\"{&quot;background_motion_fx_scale_effect&quot;:&quot;yes&quot;,&quot;background_motion_fx_scale_speed&quot;:{&quot;unit&quot;:&quot;px&quot;,&quot;size&quot;:1,&quot;sizes&quot;:[]},&quot;background_motion_fx_devices&quot;:[&quot;desktop&quot;],&quot;background_motion_fx_scale_direction&quot;:&quot;out-in&quot;,&quot;background_motion_fx_scale_range&quot;:{&quot;unit&quot;:&quot;%&quot;,&quot;size&quot;:&quot;&quot;,&quot;sizes&quot;:{&quot;start&quot;:20,&quot;end&quot;:80}}}\">\n\t\t\t<div class=\"elementor-widget-wrap elementor-element-populated\">\n\t\t\t\t\t\t<div class=\"elementor-element elementor-element-b430119 elementor-widget elementor-widget-image\" data-id=\"b430119\" data-element_type=\"widget\" data-e-type=\"widget\" data-widget_type=\"image.default\">\n\t\t\t\t<div class=\"elementor-widget-container\">\n\t\t\t\t\t\t\t\t\t\t\t\t\t\t\t<img fetchpriority=\"high\" decoding=\"async\" width=\"718\" height=\"706\" src=\"https:\/\/www.pavimentus.com\/wp-content\/uploads\/2023\/09\/maderasintetica-exterior-barcelona.png\" class=\"attachment-large size-large wp-image-990370\" alt=\"\" srcset=\"https:\/\/www.pavimentus.com\/wp-content\/uploads\/2023\/09\/maderasintetica-exterior-barcelona.png 718w, https:\/\/www.pavimentus.com\/wp-content\/uploads\/2023\/09\/maderasintetica-exterior-barcelona-300x295.png 300w\" sizes=\"(max-width: 718px) 100vw, 718px\" \/>\t\t\t\t\t\t\t\t\t\t\t\t\t\t\t<\/div>\n\t\t\t\t<\/div>\n\t\t\t\t\t<\/div>\n\t\t<\/div>\n\t\t\t\t\t<\/div>\n\t\t<\/section>\n\t\t\t\t<\/div>\n\t\t","protected":false},"excerpt":{"rendered":"<p>Let&#8217;s talk<\/p>\n","protected":false},"author":2,"featured_media":0,"parent":0,"menu_order":0,"comment_status":"closed","ping_status":"closed","template":"elementor_header_footer","meta":{"_joinchat":[],"footnotes":""},"class_list":["post-990376","page","type-page","status-publish","hentry"],"yoast_head":"<!-- This site is optimized with the Yoast SEO plugin v27.0 - https:\/\/yoast.com\/product\/yoast-seo-wordpress\/ -->\n<title>Pavimentus \u00b7 Tarima Tecnol\u00f2gica Sint\u00e8tica, Tanques i Revestiment<\/title>\n<meta name=\"description\" content=\"Pavimentus \u00b7 Tarima Tecnol\u00f2gica Sint\u00e8tica, Tanques i Revestiment \u00b7 Fusta sint\u00e8tica per a distribu\u00efdors. Directament de f\u00e0brica. Pavimentus.\" \/>\n<meta name=\"robots\" content=\"index, follow, max-snippet:-1, max-image-preview:large, max-video-preview:-1\" \/>\n<link rel=\"canonical\" href=\"https:\/\/www.pavimentus.com\/ca\/converteix-te-en-distribuidor\/\" \/>\n<meta property=\"og:locale\" content=\"ca_ES\" \/>\n<meta property=\"og:type\" content=\"article\" \/>\n<meta property=\"og:title\" content=\"Pavimentus \u00b7 Tarima Tecnol\u00f2gica Sint\u00e8tica, Tanques i Revestiment\" \/>\n<meta property=\"og:description\" content=\"Pavimentus \u00b7 Tarima Tecnol\u00f2gica Sint\u00e8tica, Tanques i Revestiment \u00b7 Fusta sint\u00e8tica per a distribu\u00efdors. Directament de f\u00e0brica. Pavimentus.\" \/>\n<meta property=\"og:url\" content=\"https:\/\/www.pavimentus.com\/ca\/converteix-te-en-distribuidor\/\" \/>\n<meta property=\"og:site_name\" content=\"Pavimentus \u00b7 Tarima Tecnol\u00f3gica Sint\u00e9tica, Vallas y Medianeras y Revestimiento\" \/>\n<meta property=\"article:publisher\" content=\"https:\/\/www.facebook.com\/pavimentus\/\" \/>\n<meta property=\"article:modified_time\" content=\"2024-10-28T14:54:46+00:00\" \/>\n<meta property=\"og:image\" content=\"https:\/\/www.pavimentus.com\/wp-content\/uploads\/2023\/09\/maderasintetica-exterior-barcelona.png\" \/>\n<meta name=\"twitter:card\" content=\"summary_large_image\" \/>\n<meta name=\"twitter:label1\" content=\"Temps estimat de lectura\" \/>\n\t<meta name=\"twitter:data1\" content=\"1 minut\" \/>\n<script type=\"application\/ld+json\" class=\"yoast-schema-graph\">{\"@context\":\"https:\/\/schema.org\",\"@graph\":[{\"@type\":\"WebPage\",\"@id\":\"https:\/\/www.pavimentus.com\/ca\/converteix-te-en-distribuidor\/\",\"url\":\"https:\/\/www.pavimentus.com\/ca\/converteix-te-en-distribuidor\/\",\"name\":\"Pavimentus \u00b7 Tarima Tecnol\u00f2gica Sint\u00e8tica, Tanques i Revestiment\",\"isPartOf\":{\"@id\":\"https:\/\/www.pavimentus.com\/ca\/#website\"},\"primaryImageOfPage\":{\"@id\":\"https:\/\/www.pavimentus.com\/ca\/converteix-te-en-distribuidor\/#primaryimage\"},\"image\":{\"@id\":\"https:\/\/www.pavimentus.com\/ca\/converteix-te-en-distribuidor\/#primaryimage\"},\"thumbnailUrl\":\"https:\/\/www.pavimentus.com\/wp-content\/uploads\/2023\/09\/maderasintetica-exterior-barcelona.png\",\"datePublished\":\"2023-08-01T09:29:52+00:00\",\"dateModified\":\"2024-10-28T14:54:46+00:00\",\"description\":\"Pavimentus \u00b7 Tarima Tecnol\u00f2gica Sint\u00e8tica, Tanques i Revestiment \u00b7 Fusta sint\u00e8tica per a distribu\u00efdors. Directament de f\u00e0brica. Pavimentus.\",\"breadcrumb\":{\"@id\":\"https:\/\/www.pavimentus.com\/ca\/converteix-te-en-distribuidor\/#breadcrumb\"},\"inLanguage\":\"ca\",\"potentialAction\":[{\"@type\":\"ReadAction\",\"target\":[\"https:\/\/www.pavimentus.com\/ca\/converteix-te-en-distribuidor\/\"]}]},{\"@type\":\"ImageObject\",\"inLanguage\":\"ca\",\"@id\":\"https:\/\/www.pavimentus.com\/ca\/converteix-te-en-distribuidor\/#primaryimage\",\"url\":\"https:\/\/www.pavimentus.com\/wp-content\/uploads\/2023\/09\/maderasintetica-exterior-barcelona.png\",\"contentUrl\":\"https:\/\/www.pavimentus.com\/wp-content\/uploads\/2023\/09\/maderasintetica-exterior-barcelona.png\"},{\"@type\":\"BreadcrumbList\",\"@id\":\"https:\/\/www.pavimentus.com\/ca\/converteix-te-en-distribuidor\/#breadcrumb\",\"itemListElement\":[{\"@type\":\"ListItem\",\"position\":1,\"name\":\"Portada\",\"item\":\"https:\/\/www.pavimentus.com\/ca\/\"},{\"@type\":\"ListItem\",\"position\":2,\"name\":\"Converteix-te en distribu\u00efdor\"}]},{\"@type\":\"WebSite\",\"@id\":\"https:\/\/www.pavimentus.com\/ca\/#website\",\"url\":\"https:\/\/www.pavimentus.com\/ca\/\",\"name\":\"Pavimentus \u00b7 Tarima Tecnol\u00f3gica Sint\u00e9tica, Vallas y Medianeras y Revestimiento\",\"description\":\"Tarimas, fachadas y vallas de madera sint\u00e9tica o tecnol\u00f3gica de bajo mantenimiento. Para m\u00e1s informaci\u00f3n: 93 135 10 05\",\"publisher\":{\"@id\":\"https:\/\/www.pavimentus.com\/ca\/#organization\"},\"potentialAction\":[{\"@type\":\"SearchAction\",\"target\":{\"@type\":\"EntryPoint\",\"urlTemplate\":\"https:\/\/www.pavimentus.com\/ca\/?s={search_term_string}\"},\"query-input\":{\"@type\":\"PropertyValueSpecification\",\"valueRequired\":true,\"valueName\":\"search_term_string\"}}],\"inLanguage\":\"ca\"},{\"@type\":\"Organization\",\"@id\":\"https:\/\/www.pavimentus.com\/ca\/#organization\",\"name\":\"Pavimentus \u00b7 Tarima Tecnol\u00f3gica Sint\u00e9tica, Vallas y Medianeras y Revestimiento\",\"url\":\"https:\/\/www.pavimentus.com\/ca\/\",\"logo\":{\"@type\":\"ImageObject\",\"inLanguage\":\"ca\",\"@id\":\"https:\/\/www.pavimentus.com\/ca\/#\/schema\/logo\/image\/\",\"url\":\"https:\/\/www.pavimentus.com\/wp-content\/uploads\/2024\/08\/cropped-LOGO_PAVIMENTUS_01.png\",\"contentUrl\":\"https:\/\/www.pavimentus.com\/wp-content\/uploads\/2024\/08\/cropped-LOGO_PAVIMENTUS_01.png\",\"width\":3635,\"height\":426,\"caption\":\"Pavimentus \u00b7 Tarima Tecnol\u00f3gica Sint\u00e9tica, Vallas y Medianeras y Revestimiento\"},\"image\":{\"@id\":\"https:\/\/www.pavimentus.com\/ca\/#\/schema\/logo\/image\/\"},\"sameAs\":[\"https:\/\/www.facebook.com\/pavimentus\/\"]}]}<\/script>\n<!-- \/ Yoast SEO plugin. -->","yoast_head_json":{"title":"Pavimentus \u00b7 Tarima Tecnol\u00f2gica Sint\u00e8tica, Tanques i Revestiment","description":"Pavimentus \u00b7 Tarima Tecnol\u00f2gica Sint\u00e8tica, Tanques i Revestiment \u00b7 Fusta sint\u00e8tica per a distribu\u00efdors. Directament de f\u00e0brica. Pavimentus.","robots":{"index":"index","follow":"follow","max-snippet":"max-snippet:-1","max-image-preview":"max-image-preview:large","max-video-preview":"max-video-preview:-1"},"canonical":"https:\/\/www.pavimentus.com\/ca\/converteix-te-en-distribuidor\/","og_locale":"ca_ES","og_type":"article","og_title":"Pavimentus \u00b7 Tarima Tecnol\u00f2gica Sint\u00e8tica, Tanques i Revestiment","og_description":"Pavimentus \u00b7 Tarima Tecnol\u00f2gica Sint\u00e8tica, Tanques i Revestiment \u00b7 Fusta sint\u00e8tica per a distribu\u00efdors. Directament de f\u00e0brica. Pavimentus.","og_url":"https:\/\/www.pavimentus.com\/ca\/converteix-te-en-distribuidor\/","og_site_name":"Pavimentus \u00b7 Tarima Tecnol\u00f3gica Sint\u00e9tica, Vallas y Medianeras y Revestimiento","article_publisher":"https:\/\/www.facebook.com\/pavimentus\/","article_modified_time":"2024-10-28T14:54:46+00:00","og_image":[{"url":"https:\/\/www.pavimentus.com\/wp-content\/uploads\/2023\/09\/maderasintetica-exterior-barcelona.png","type":"","width":"","height":""}],"twitter_card":"summary_large_image","twitter_misc":{"Temps estimat de lectura":"1 minut"},"schema":{"@context":"https:\/\/schema.org","@graph":[{"@type":"WebPage","@id":"https:\/\/www.pavimentus.com\/ca\/converteix-te-en-distribuidor\/","url":"https:\/\/www.pavimentus.com\/ca\/converteix-te-en-distribuidor\/","name":"Pavimentus \u00b7 Tarima Tecnol\u00f2gica Sint\u00e8tica, Tanques i Revestiment","isPartOf":{"@id":"https:\/\/www.pavimentus.com\/ca\/#website"},"primaryImageOfPage":{"@id":"https:\/\/www.pavimentus.com\/ca\/converteix-te-en-distribuidor\/#primaryimage"},"image":{"@id":"https:\/\/www.pavimentus.com\/ca\/converteix-te-en-distribuidor\/#primaryimage"},"thumbnailUrl":"https:\/\/www.pavimentus.com\/wp-content\/uploads\/2023\/09\/maderasintetica-exterior-barcelona.png","datePublished":"2023-08-01T09:29:52+00:00","dateModified":"2024-10-28T14:54:46+00:00","description":"Pavimentus \u00b7 Tarima Tecnol\u00f2gica Sint\u00e8tica, Tanques i Revestiment \u00b7 Fusta sint\u00e8tica per a distribu\u00efdors. Directament de f\u00e0brica. Pavimentus.","breadcrumb":{"@id":"https:\/\/www.pavimentus.com\/ca\/converteix-te-en-distribuidor\/#breadcrumb"},"inLanguage":"ca","potentialAction":[{"@type":"ReadAction","target":["https:\/\/www.pavimentus.com\/ca\/converteix-te-en-distribuidor\/"]}]},{"@type":"ImageObject","inLanguage":"ca","@id":"https:\/\/www.pavimentus.com\/ca\/converteix-te-en-distribuidor\/#primaryimage","url":"https:\/\/www.pavimentus.com\/wp-content\/uploads\/2023\/09\/maderasintetica-exterior-barcelona.png","contentUrl":"https:\/\/www.pavimentus.com\/wp-content\/uploads\/2023\/09\/maderasintetica-exterior-barcelona.png"},{"@type":"BreadcrumbList","@id":"https:\/\/www.pavimentus.com\/ca\/converteix-te-en-distribuidor\/#breadcrumb","itemListElement":[{"@type":"ListItem","position":1,"name":"Portada","item":"https:\/\/www.pavimentus.com\/ca\/"},{"@type":"ListItem","position":2,"name":"Converteix-te en distribu\u00efdor"}]},{"@type":"WebSite","@id":"https:\/\/www.pavimentus.com\/ca\/#website","url":"https:\/\/www.pavimentus.com\/ca\/","name":"Pavimentus \u00b7 Tarima Tecnol\u00f3gica Sint\u00e9tica, Vallas y Medianeras y Revestimiento","description":"Tarimas, fachadas y vallas de madera sint\u00e9tica o tecnol\u00f3gica de bajo mantenimiento. Para m\u00e1s informaci\u00f3n: 93 135 10 05","publisher":{"@id":"https:\/\/www.pavimentus.com\/ca\/#organization"},"potentialAction":[{"@type":"SearchAction","target":{"@type":"EntryPoint","urlTemplate":"https:\/\/www.pavimentus.com\/ca\/?s={search_term_string}"},"query-input":{"@type":"PropertyValueSpecification","valueRequired":true,"valueName":"search_term_string"}}],"inLanguage":"ca"},{"@type":"Organization","@id":"https:\/\/www.pavimentus.com\/ca\/#organization","name":"Pavimentus \u00b7 Tarima Tecnol\u00f3gica Sint\u00e9tica, Vallas y Medianeras y Revestimiento","url":"https:\/\/www.pavimentus.com\/ca\/","logo":{"@type":"ImageObject","inLanguage":"ca","@id":"https:\/\/www.pavimentus.com\/ca\/#\/schema\/logo\/image\/","url":"https:\/\/www.pavimentus.com\/wp-content\/uploads\/2024\/08\/cropped-LOGO_PAVIMENTUS_01.png","contentUrl":"https:\/\/www.pavimentus.com\/wp-content\/uploads\/2024\/08\/cropped-LOGO_PAVIMENTUS_01.png","width":3635,"height":426,"caption":"Pavimentus \u00b7 Tarima Tecnol\u00f3gica Sint\u00e9tica, Vallas y Medianeras y Revestimiento"},"image":{"@id":"https:\/\/www.pavimentus.com\/ca\/#\/schema\/logo\/image\/"},"sameAs":["https:\/\/www.facebook.com\/pavimentus\/"]}]}},"_links":{"self":[{"href":"https:\/\/www.pavimentus.com\/ca\/wp-json\/wp\/v2\/pages\/990376","targetHints":{"allow":["GET"]}}],"collection":[{"href":"https:\/\/www.pavimentus.com\/ca\/wp-json\/wp\/v2\/pages"}],"about":[{"href":"https:\/\/www.pavimentus.com\/ca\/wp-json\/wp\/v2\/types\/page"}],"author":[{"embeddable":true,"href":"https:\/\/www.pavimentus.com\/ca\/wp-json\/wp\/v2\/users\/2"}],"replies":[{"embeddable":true,"href":"https:\/\/www.pavimentus.com\/ca\/wp-json\/wp\/v2\/comments?post=990376"}],"version-history":[{"count":0,"href":"https:\/\/www.pavimentus.com\/ca\/wp-json\/wp\/v2\/pages\/990376\/revisions"}],"wp:attachment":[{"href":"https:\/\/www.pavimentus.com\/ca\/wp-json\/wp\/v2\/media?parent=990376"}],"curies":[{"name":"wp","href":"https:\/\/api.w.org\/{rel}","templated":true}]}}